{"id":494,"date":"2021-03-23T22:45:38","date_gmt":"2021-03-23T21:45:38","guid":{"rendered":"http:\/\/design.mikyweb.se\/?page_id=494"},"modified":"2026-03-05T21:10:29","modified_gmt":"2026-03-05T20:10:29","slug":"portfolio","status":"publish","type":"page","link":"https:\/\/www.starcinterior.se\/en\/portfolio\/","title":{"rendered":"Portfolio"},"content":{"rendered":"<p>[et_pb_section fb_built=&#8221;1&#8243; _builder_version=&#8221;4.16&#8243; _module_preset=&#8221;default&#8221; custom_padding=&#8221;25px||25px||true|false&#8221; global_colors_info=&#8221;{}&#8221;][et_pb_row column_structure=&#8221;1_2,1_2&#8243; use_custom_gutter=&#8221;on&#8221; gutter_width=&#8221;1&#8243; make_equal=&#8221;on&#8221; _builder_version=&#8221;4.16&#8243; _module_preset=&#8221;default&#8221; custom_margin=&#8221;||||false|false&#8221; custom_padding=&#8221;0px|0px|0px|0px|true|true&#8221; global_colors_info=&#8221;{}&#8221;][et_pb_column type=&#8221;1_2&#8243; _builder_version=&#8221;4.16&#8243; _module_preset=&#8221;default&#8221; custom_padding=&#8221;|5px|||false|false&#8221; custom_padding_tablet=&#8221;&#8221; custom_padding_phone=&#8221;|0px|||false|false&#8221; custom_padding_last_edited=&#8221;on|phone&#8221; global_colors_info=&#8221;{}&#8221;][et_pb_image src=&#8221;https:\/\/www.starcinterior.se\/wp-content\/uploads\/2021\/04\/IMG_6885_1440x1080.jpg&#8221; alt=&#8221;Inredare G\u00f6teborg. Hall &#8211; Bordslampa av Wilhelm Wagenfeld f\u00f6r Bauhaus.&#8221; url=&#8221;@ET-DC@eyJkeW5hbWljIjp0cnVlLCJjb250ZW50IjoicG9zdF9saW5rX3VybF9wcm9qZWN0Iiwic2V0dGluZ3MiOnsicG9zdF9pZCI6IjE3NDEifX0=@&#8221; use_overlay=&#8221;on&#8221; overlay_icon_color=&#8221;#FFFFFF&#8221; hover_overlay_color=&#8221;rgba(0,0,0,0.2)&#8221; hover_icon=&#8221;&#xe046;||divi||400&#8243; _builder_version=&#8221;4.16&#8243; _dynamic_attributes=&#8221;url&#8221; _module_preset=&#8221;default&#8221; global_colors_info=&#8221;{}&#8221;][\/et_pb_image][et_pb_text _builder_version=&#8221;4.16&#8243; _module_preset=&#8221;default&#8221; text_font=&#8221;||||||||&#8221; text_text_color=&#8221;#1A1A1C&#8221; text_font_size=&#8221;11px&#8221; text_letter_spacing=&#8221;4px&#8221; text_orientation=&#8221;center&#8221; custom_margin=&#8221;5px||20px||false|false&#8221; global_colors_info=&#8221;{}&#8221;]<\/p>\n<p>PROJEKT VILLA SK\u00c5R<\/p>\n<p>[\/et_pb_text][\/et_pb_column][et_pb_column type=&#8221;1_2&#8243; _builder_version=&#8221;4.16&#8243; _module_preset=&#8221;default&#8221; custom_padding=&#8221;|||5px|false|false&#8221; custom_padding_tablet=&#8221;&#8221; custom_padding_phone=&#8221;|||0px|false|false&#8221; custom_padding_last_edited=&#8221;on|phone&#8221; global_colors_info=&#8221;{}&#8221;][et_pb_image src=&#8221;https:\/\/www.starcinterior.se\/wp-content\/uploads\/2021\/04\/1_Start_IMG_6699-scaled.jpg&#8221; alt=&#8221;Inredare G\u00f6teborg. Panton Chair av Verner Panton. Lampa Atollo Table 235 av Vico Magistretti.&#8221; url=&#8221;@ET-DC@eyJkeW5hbWljIjp0cnVlLCJjb250ZW50IjoicG9zdF9saW5rX3VybF9wcm9qZWN0Iiwic2V0dGluZ3MiOnsicG9zdF9pZCI6IjE3OTYifX0=@&#8221; use_overlay=&#8221;on&#8221; overlay_icon_color=&#8221;#FFFFFF&#8221; hover_overlay_color=&#8221;rgba(0,0,0,0.2)&#8221; hover_icon=&#8221;&#xe046;||divi||400&#8243; _builder_version=&#8221;4.16&#8243; _dynamic_attributes=&#8221;url&#8221; _module_preset=&#8221;default&#8221; global_colors_info=&#8221;{}&#8221;][\/et_pb_image][et_pb_text _builder_version=&#8221;4.16&#8243; _module_preset=&#8221;default&#8221; text_font=&#8221;||||||||&#8221; text_text_color=&#8221;#1A1A1C&#8221; text_font_size=&#8221;11px&#8221; text_letter_spacing=&#8221;4px&#8221; text_orientation=&#8221;center&#8221; custom_margin=&#8221;5px||20px||false|false&#8221; global_colors_info=&#8221;{}&#8221;]<\/p>\n<p>PROJEKT \u00d6RGRYTE<\/p>\n<p>[\/et_pb_text][\/et_pb_column][\/et_pb_row][et_pb_row column_structure=&#8221;1_2,1_2&#8243; use_custom_gutter=&#8221;on&#8221; gutter_width=&#8221;1&#8243; make_equal=&#8221;on&#8221; _builder_version=&#8221;4.16&#8243; _module_preset=&#8221;default&#8221; custom_margin=&#8221;||||false|false&#8221; custom_padding=&#8221;0px||0px||true|false&#8221; global_colors_info=&#8221;{}&#8221;][et_pb_column type=&#8221;1_2&#8243; _builder_version=&#8221;4.16&#8243; _module_preset=&#8221;default&#8221; custom_padding=&#8221;|5px|||false|false&#8221; custom_padding_tablet=&#8221;&#8221; custom_padding_phone=&#8221;|0px|||false|false&#8221; custom_padding_last_edited=&#8221;on|phone&#8221; global_colors_info=&#8221;{}&#8221;][et_pb_image src=&#8221;https:\/\/www.starcinterior.se\/wp-content\/uploads\/2026\/03\/Bild11_1527x1079.jpg&#8221; alt=&#8221;Inredare G\u00f6teborg. STARC INTERIOR &#8211; Projekt Storgatan.&#8221; url=&#8221;@ET-DC@eyJkeW5hbWljIjp0cnVlLCJjb250ZW50IjoicG9zdF9saW5rX3VybF9wcm9qZWN0Iiwic2V0dGluZ3MiOnsicG9zdF9pZCI6IjE4MDkifX0=@&#8221; use_overlay=&#8221;on&#8221; overlay_icon_color=&#8221;#FFFFFF&#8221; hover_overlay_color=&#8221;rgba(0,0,0,0.2)&#8221; hover_icon=&#8221;&#xe046;||divi||400&#8243; _builder_version=&#8221;4.27.6&#8243; _dynamic_attributes=&#8221;url&#8221; _module_preset=&#8221;default&#8221; hover_enabled=&#8221;0&#8243; global_colors_info=&#8221;{}&#8221; sticky_enabled=&#8221;0&#8243;][\/et_pb_image][et_pb_text _builder_version=&#8221;4.16&#8243; _module_preset=&#8221;default&#8221; text_font=&#8221;||||||||&#8221; text_text_color=&#8221;#1A1A1C&#8221; text_font_size=&#8221;11px&#8221; text_letter_spacing=&#8221;4px&#8221; text_orientation=&#8221;center&#8221; custom_margin=&#8221;5px||20px||false|false&#8221; global_colors_info=&#8221;{}&#8221;]<\/p>\n<p>PROJEKT STORGATAN<\/p>\n<p>[\/et_pb_text][\/et_pb_column][et_pb_column type=&#8221;1_2&#8243; _builder_version=&#8221;4.16&#8243; _module_preset=&#8221;default&#8221; custom_padding=&#8221;|||5px|false|false&#8221; custom_padding_tablet=&#8221;&#8221; custom_padding_phone=&#8221;|||0px|false|false&#8221; custom_padding_last_edited=&#8221;on|phone&#8221; global_colors_info=&#8221;{}&#8221;][et_pb_image src=&#8221;https:\/\/www.starcinterior.se\/wp-content\/uploads\/2021\/03\/Bild7_1527x1079.jpg&#8221; alt=&#8221;Inredare G\u00f6teborg. STARC INTERIOR &#8211; Projekt L\u00e4genhet K\u00f6penhamn.&#8221; url=&#8221;@ET-DC@eyJkeW5hbWljIjp0cnVlLCJjb250ZW50IjoicG9zdF9saW5rX3VybF9wcm9qZWN0Iiwic2V0dGluZ3MiOnsicG9zdF9pZCI6IjE4MDIifX0=@&#8221; use_overlay=&#8221;on&#8221; overlay_icon_color=&#8221;#FFFFFF&#8221; hover_overlay_color=&#8221;rgba(0,0,0,0.2)&#8221; hover_icon=&#8221;&#xe046;||divi||400&#8243; _builder_version=&#8221;4.27.6&#8243; _dynamic_attributes=&#8221;url&#8221; _module_preset=&#8221;default&#8221; global_colors_info=&#8221;{}&#8221;][\/et_pb_image][et_pb_text _builder_version=&#8221;4.16&#8243; _module_preset=&#8221;default&#8221; text_font=&#8221;||||||||&#8221; text_text_color=&#8221;#1A1A1C&#8221; text_font_size=&#8221;11px&#8221; text_letter_spacing=&#8221;4px&#8221; text_orientation=&#8221;center&#8221; custom_margin=&#8221;5px||20px||false|false&#8221; global_colors_info=&#8221;{}&#8221;]<\/p>\n<p>PROJEKT L\u00c4GENHET K\u00d6PENHAMN<\/p>\n<p>[\/et_pb_text][\/et_pb_column][\/et_pb_row][et_pb_row column_structure=&#8221;1_2,1_2&#8243; use_custom_gutter=&#8221;on&#8221; gutter_width=&#8221;1&#8243; make_equal=&#8221;on&#8221; _builder_version=&#8221;4.16&#8243; _module_preset=&#8221;default&#8221; custom_margin=&#8221;||||false|false&#8221; custom_padding=&#8221;0px||0px||true|false&#8221; global_colors_info=&#8221;{}&#8221;][et_pb_column type=&#8221;1_2&#8243; _builder_version=&#8221;4.16&#8243; _module_preset=&#8221;default&#8221; custom_padding=&#8221;|5px|||false|false&#8221; custom_padding_tablet=&#8221;&#8221; custom_padding_phone=&#8221;|0px|||false|false&#8221; custom_padding_last_edited=&#8221;on|phone&#8221; global_colors_info=&#8221;{}&#8221;][et_pb_image src=&#8221;https:\/\/www.starcinterior.se\/wp-content\/uploads\/2021\/06\/BJ4IMG_8073_1440x1080.jpg&#8221; alt=&#8221;Inredare G\u00f6teborg. STARC INTERIOR &#8211; Projekt Badrum&#8221; url=&#8221;@ET-DC@eyJkeW5hbWljIjp0cnVlLCJjb250ZW50IjoicG9zdF9saW5rX3VybF9wcm9qZWN0Iiwic2V0dGluZ3MiOnsicG9zdF9pZCI6IjE4MTcifX0=@&#8221; use_overlay=&#8221;on&#8221; overlay_icon_color=&#8221;#FFFFFF&#8221; hover_overlay_color=&#8221;rgba(0,0,0,0.2)&#8221; hover_icon=&#8221;&#xe046;||divi||400&#8243; _builder_version=&#8221;4.16&#8243; _dynamic_attributes=&#8221;url&#8221; _module_preset=&#8221;default&#8221; global_colors_info=&#8221;{}&#8221;][\/et_pb_image][et_pb_text _builder_version=&#8221;4.16&#8243; _module_preset=&#8221;default&#8221; text_font=&#8221;||||||||&#8221; text_text_color=&#8221;#1A1A1C&#8221; text_font_size=&#8221;11px&#8221; text_letter_spacing=&#8221;4px&#8221; text_orientation=&#8221;center&#8221; custom_margin=&#8221;5px||20px||false|false&#8221; global_colors_info=&#8221;{}&#8221;]<\/p>\n<p>PROJEKT BADRUM<\/p>\n<p>[\/et_pb_text][\/et_pb_column][et_pb_column type=&#8221;1_2&#8243; _builder_version=&#8221;4.16&#8243; _module_preset=&#8221;default&#8221; custom_padding=&#8221;|||5px|false|false&#8221; custom_padding_tablet=&#8221;&#8221; custom_padding_phone=&#8221;|||0px|false|false&#8221; custom_padding_last_edited=&#8221;on|phone&#8221; global_colors_info=&#8221;{}&#8221;][et_pb_image src=&#8221;https:\/\/www.starcinterior.se\/wp-content\/uploads\/2021\/06\/1_IMG_7053_1440x1080.jpg&#8221; alt=&#8221;Inredare G\u00f6teborg. Gr\u00e5 sammets soffa. Tolemeo lampa.&#8221; url=&#8221;@ET-DC@eyJkeW5hbWljIjp0cnVlLCJjb250ZW50IjoicG9zdF9saW5rX3VybF9wcm9qZWN0Iiwic2V0dGluZ3MiOnsicG9zdF9pZCI6IjE4MzgifX0=@&#8221; use_overlay=&#8221;on&#8221; overlay_icon_color=&#8221;#FFFFFF&#8221; hover_overlay_color=&#8221;rgba(0,0,0,0.2)&#8221; hover_icon=&#8221;&#xe046;||divi||400&#8243; _builder_version=&#8221;4.16&#8243; _dynamic_attributes=&#8221;url&#8221; _module_preset=&#8221;default&#8221; global_colors_info=&#8221;{}&#8221;][\/et_pb_image][et_pb_text _builder_version=&#8221;4.16&#8243; _module_preset=&#8221;default&#8221; text_font=&#8221;||||||||&#8221; text_text_color=&#8221;#1A1A1C&#8221; text_font_size=&#8221;11px&#8221; text_letter_spacing=&#8221;4px&#8221; text_orientation=&#8221;center&#8221; custom_margin=&#8221;5px||20px||false|false&#8221; global_colors_info=&#8221;{}&#8221;]<\/p>\n<p>PROJEKT SOLBACKEN<\/p>\n<p>[\/et_pb_text][\/et_pb_column][\/et_pb_row][et_pb_row column_structure=&#8221;1_2,1_2&#8243; use_custom_gutter=&#8221;on&#8221; gutter_width=&#8221;1&#8243; make_equal=&#8221;on&#8221; _builder_version=&#8221;4.16&#8243; _module_preset=&#8221;default&#8221; custom_margin=&#8221;||||false|false&#8221; custom_padding=&#8221;0px||0px||true|false&#8221; global_colors_info=&#8221;{}&#8221;][et_pb_column type=&#8221;1_2&#8243; _builder_version=&#8221;4.16&#8243; _module_preset=&#8221;default&#8221; custom_padding=&#8221;|5px|||false|false&#8221; custom_padding_tablet=&#8221;&#8221; custom_padding_phone=&#8221;|0px|||false|false&#8221; custom_padding_last_edited=&#8221;on|phone&#8221; global_colors_info=&#8221;{}&#8221;][et_pb_image src=&#8221;https:\/\/www.starcinterior.se\/wp-content\/uploads\/2021\/05\/O1IMG_8018_1440x1080.jpg&#8221; alt=&#8221;Inredare G\u00f6teborg. Matsal &#8211; gammalt vitrinsk\u00e5p.&#8221; url=&#8221;@ET-DC@eyJkeW5hbWljIjp0cnVlLCJjb250ZW50IjoicG9zdF9saW5rX3VybF9wcm9qZWN0Iiwic2V0dGluZ3MiOnsicG9zdF9pZCI6IjE4MzAifX0=@&#8221; use_overlay=&#8221;on&#8221; overlay_icon_color=&#8221;#FFFFFF&#8221; hover_overlay_color=&#8221;rgba(0,0,0,0.2)&#8221; hover_icon=&#8221;&#xe046;||divi||400&#8243; _builder_version=&#8221;4.16&#8243; _dynamic_attributes=&#8221;url&#8221; _module_preset=&#8221;default&#8221; global_colors_info=&#8221;{}&#8221;][\/et_pb_image][et_pb_text _builder_version=&#8221;4.16&#8243; _module_preset=&#8221;default&#8221; text_font=&#8221;||||||||&#8221; text_text_color=&#8221;#1A1A1C&#8221; text_font_size=&#8221;11px&#8221; text_letter_spacing=&#8221;4px&#8221; text_orientation=&#8221;center&#8221; custom_margin=&#8221;5px||20px||false|false&#8221; global_colors_info=&#8221;{}&#8221;]<\/p>\n<p>PROJEKT \u00d6STERMALM<\/p>\n<p>[\/et_pb_text][\/et_pb_column][et_pb_column type=&#8221;1_2&#8243; _builder_version=&#8221;4.16&#8243; _module_preset=&#8221;default&#8221; custom_padding=&#8221;|||5px|false|false&#8221; custom_padding_tablet=&#8221;&#8221; custom_padding_phone=&#8221;|||0px|false|false&#8221; custom_padding_last_edited=&#8221;on|phone&#8221; global_colors_info=&#8221;{}&#8221;][et_pb_image src=&#8221;https:\/\/www.starcinterior.se\/wp-content\/uploads\/2026\/03\/Bild16_1440x1080.jpg&#8221; alt=&#8221;Inredare G\u00f6teborg. STARC INTERIOR &#8211; Projekt Vasagatan.&#8221; url=&#8221;@ET-DC@eyJkeW5hbWljIjp0cnVlLCJjb250ZW50IjoicG9zdF9saW5rX3VybF9wcm9qZWN0Iiwic2V0dGluZ3MiOnsicG9zdF9pZCI6IjE4NDUifX0=@&#8221; use_overlay=&#8221;on&#8221; overlay_icon_color=&#8221;#FFFFFF&#8221; hover_overlay_color=&#8221;rgba(0,0,0,0.2)&#8221; hover_icon=&#8221;&#xe046;||divi||400&#8243; _builder_version=&#8221;4.27.6&#8243; _dynamic_attributes=&#8221;url&#8221; _module_preset=&#8221;default&#8221; hover_enabled=&#8221;0&#8243; global_colors_info=&#8221;{}&#8221; title_text=&#8221;Created with GIMP&#8221; sticky_enabled=&#8221;0&#8243;][\/et_pb_image][et_pb_text _builder_version=&#8221;4.16&#8243; _module_preset=&#8221;default&#8221; text_font=&#8221;||||||||&#8221; text_text_color=&#8221;#1A1A1C&#8221; text_font_size=&#8221;11px&#8221; text_letter_spacing=&#8221;4px&#8221; text_orientation=&#8221;center&#8221; custom_margin=&#8221;5px||20px||false|false&#8221; global_colors_info=&#8221;{}&#8221;]<\/p>\n<p>PROJEKT VASAGATAN<\/p>\n<p>[\/et_pb_text][\/et_pb_column][\/et_pb_row][\/et_pb_section]<\/p>\n","protected":false},"excerpt":{"rendered":"<p>PROJEKT VILLA SK\u00c5RPROJEKT \u00d6RGRYTEPROJEKT STORGATANPROJEKT L\u00c4GENHET K\u00d6PENHAMNPROJEKT BADRUMPROJEKT SOLBACKENPROJEKT \u00d6STERMALMPROJEKT VASAGATAN<\/p>","protected":false},"author":4,"featured_media":0,"parent":0,"menu_order":0,"comment_status":"closed","ping_status":"closed","template":"","meta":{"_et_pb_use_builder":"on","_et_pb_old_content":"","_et_gb_content_width":"","footnotes":""},"class_list":["post-494","page","type-page","status-publish","hentry"],"_links":{"self":[{"href":"https:\/\/www.starcinterior.se\/en\/wp-json\/wp\/v2\/pages\/494","targetHints":{"allow":["GET"]}}],"collection":[{"href":"https:\/\/www.starcinterior.se\/en\/wp-json\/wp\/v2\/pages"}],"about":[{"href":"https:\/\/www.starcinterior.se\/en\/wp-json\/wp\/v2\/types\/page"}],"author":[{"embeddable":true,"href":"https:\/\/www.starcinterior.se\/en\/wp-json\/wp\/v2\/users\/4"}],"replies":[{"embeddable":true,"href":"https:\/\/www.starcinterior.se\/en\/wp-json\/wp\/v2\/comments?post=494"}],"version-history":[{"count":147,"href":"https:\/\/www.starcinterior.se\/en\/wp-json\/wp\/v2\/pages\/494\/revisions"}],"predecessor-version":[{"id":2289,"href":"https:\/\/www.starcinterior.se\/en\/wp-json\/wp\/v2\/pages\/494\/revisions\/2289"}],"wp:attachment":[{"href":"https:\/\/www.starcinterior.se\/en\/wp-json\/wp\/v2\/media?parent=494"}],"curies":[{"name":"wp","href":"https:\/\/api.w.org\/{rel}","templated":true}]}}