{"id":101,"date":"2021-03-22T18:57:09","date_gmt":"2021-03-22T17:57:09","guid":{"rendered":"http:\/\/design.mikyweb.se\/?page_id=101"},"modified":"2022-09-14T16:04:30","modified_gmt":"2022-09-14T14:04:30","slug":"om","status":"publish","type":"page","link":"https:\/\/www.starcinterior.se\/en\/om\/","title":{"rendered":"Om"},"content":{"rendered":"<p>[et_pb_section fb_built=&#8221;1&#8243; _builder_version=&#8221;4.16&#8243; _module_preset=&#8221;default&#8221; custom_padding=&#8221;0px||||false|false&#8221; global_colors_info=&#8221;{}&#8221;][et_pb_row column_structure=&#8221;1_2,1_2&#8243; _builder_version=&#8221;4.16&#8243; _module_preset=&#8221;default&#8221; custom_padding=&#8221;||||false|false&#8221; global_colors_info=&#8221;{}&#8221;][et_pb_column type=&#8221;1_2&#8243; _builder_version=&#8221;4.16&#8243; _module_preset=&#8221;default&#8221; global_colors_info=&#8221;{}&#8221;][et_pb_image src=&#8221;https:\/\/www.starcinterior.se\/wp-content\/uploads\/2021\/06\/Carina4_810x1080.jpg&#8221; alt=&#8221;Inredare G\u00f6teborg. STARC INTERIOR &#8211; Carina Andersson.&#8221; align=&#8221;center&#8221; _builder_version=&#8221;4.16&#8243; _module_preset=&#8221;default&#8221; width=&#8221;80%&#8221; width_tablet=&#8221;&#8221; width_phone=&#8221;100%&#8221; width_last_edited=&#8221;on|desktop&#8221; global_colors_info=&#8221;{}&#8221;][\/et_pb_image][\/et_pb_column][et_pb_column type=&#8221;1_2&#8243; _builder_version=&#8221;4.16&#8243; _module_preset=&#8221;default&#8221; global_colors_info=&#8221;{}&#8221;][et_pb_text _builder_version=&#8221;4.16&#8243; _module_preset=&#8221;default&#8221; text_orientation=&#8221;justified&#8221; global_colors_info=&#8221;{}&#8221;]<\/p>\n<p>En inredningsbyr\u00e5 med studio i G\u00f6teborg. Jag \u00e4r certifierad inredare och har m\u00e5nga \u00e5rs erfarenhet av inredning och \u00e4ven en bakgrund i modeindustrin.<\/p>\n<p>Allt beh\u00f6ver inte vara dyrt f\u00f6r att vara snyggt.\u00a0 Med r\u00e4tt mix skapar vi unika milj\u00f6er. Jag hj\u00e4lper dig med just detta.<\/p>\n<p>Vi erbjuder kompletta inredningar till privat och offentlig milj\u00f6, inomhus &amp; utomhus. Det kan inneb\u00e4ra allt fr\u00e5n delar av enstaka rum till helhetsl\u00f6sningar, ljuss\u00e4ttning, f\u00e4rgs\u00e4ttning och platsbyggda l\u00f6sningar. Du f\u00e5r inredningshj\u00e4lp av inredare med bred erfarenhet. Vi g\u00f6r b\u00e5de sm\u00e5 och stora uppdrag.<\/p>\n<p>F\u00f6r mig \u00e4r inredning inte bara yta. Ett rum och ett hem ska ber\u00f6ra alla sinnen. N\u00e4r det g\u00f6r det blir det en plats d\u00e4r du trivs. Jag inspireras av b\u00e5de trend &amp; tradition. Ett levande hem best\u00e5r av r\u00e4tt f\u00e4rgs\u00e4ttning och ljuss\u00e4ttning, gammalt och nytt, design, konst och handplockade objekt.<\/p>\n<p>Varje hem \u00e4r unikt precis som sin \u00e4gare. M\u00e5let \u00e4r att skapa personliga och trivsamma milj\u00f6er utifr\u00e5n dina behov och din budget. N\u00e4r vi kombinerar dina behov och \u00f6nskem\u00e5l med v\u00e5r kunskap skapas n\u00e5got unikt.<\/p>\n<p>Vi levererar all form av inredning fr\u00e5n v\u00e4lk\u00e4nda inredningsf\u00f6retag. Vi samarbetar med s\u00f6mmerskor, tapets\u00f6rer, alla typer av hantverkare, antikhandlare m m f\u00f6r att kunna genomf\u00f6ra alla id\u00e9er s\u00e5 du kan luta dig tillbaka och l\u00e5ta oss g\u00f6ra jobbet.<\/p>\n<p>I studion finns en stor tygavdelning med ett stort urval av tyger till gardiner och m\u00f6bler fr\u00e5n ledande leverant\u00f6rer.<\/p>\n<p>[\/et_pb_text][et_pb_text _builder_version=&#8221;4.16&#8243; _module_preset=&#8221;default&#8221; text_orientation=&#8221;center&#8221; global_colors_info=&#8221;{}&#8221;]<\/p>\n<p><span>Med stort fokus p\u00e5 personligt engagemang!<\/span><\/p>\n<p>[\/et_pb_text][et_pb_text _builder_version=&#8221;4.16&#8243; _module_preset=&#8221;default&#8221; text_orientation=&#8221;center&#8221; global_colors_info=&#8221;{}&#8221;]<\/p>\n<p>\u00a0Varmt v\u00e4lkommen!<\/p>\n<p>[\/et_pb_text][et_pb_text _builder_version=&#8221;4.16&#8243; _module_preset=&#8221;default&#8221; text_font=&#8221;Italianno||||||||&#8221; text_text_color=&#8221;#AEABA8&#8243; text_font_size=&#8221;63px&#8221; text_orientation=&#8221;center&#8221; global_colors_info=&#8221;{}&#8221;]<\/p>\n<p>Carina<\/p>\n<p>[\/et_pb_text][\/et_pb_column][\/et_pb_row][\/et_pb_section]<\/p>\n","protected":false},"excerpt":{"rendered":"<p>En inredningsbyr\u00e5 med studio i G\u00f6teborg. Jag \u00e4r certifierad inredare och har m\u00e5nga \u00e5rs erfarenhet av inredning och \u00e4ven en bakgrund i modeindustrin. Allt beh\u00f6ver inte vara dyrt f\u00f6r att vara snyggt.\u00a0 Med r\u00e4tt mix skapar vi unika milj\u00f6er. Jag hj\u00e4lper dig med just detta. Vi erbjuder kompletta inredningar till privat och offentlig milj\u00f6, inomhus [&hellip;]<\/p>\n","protected":false},"author":4,"featured_media":0,"parent":0,"menu_order":0,"comment_status":"closed","ping_status":"closed","template":"","meta":{"_et_pb_use_builder":"on","_et_pb_old_content":"","_et_gb_content_width":"","footnotes":""},"class_list":["post-101","page","type-page","status-publish","hentry"],"_links":{"self":[{"href":"https:\/\/www.starcinterior.se\/en\/wp-json\/wp\/v2\/pages\/101","targetHints":{"allow":["GET"]}}],"collection":[{"href":"https:\/\/www.starcinterior.se\/en\/wp-json\/wp\/v2\/pages"}],"about":[{"href":"https:\/\/www.starcinterior.se\/en\/wp-json\/wp\/v2\/types\/page"}],"author":[{"embeddable":true,"href":"https:\/\/www.starcinterior.se\/en\/wp-json\/wp\/v2\/users\/4"}],"replies":[{"embeddable":true,"href":"https:\/\/www.starcinterior.se\/en\/wp-json\/wp\/v2\/comments?post=101"}],"version-history":[{"count":57,"href":"https:\/\/www.starcinterior.se\/en\/wp-json\/wp\/v2\/pages\/101\/revisions"}],"predecessor-version":[{"id":2236,"href":"https:\/\/www.starcinterior.se\/en\/wp-json\/wp\/v2\/pages\/101\/revisions\/2236"}],"wp:attachment":[{"href":"https:\/\/www.starcinterior.se\/en\/wp-json\/wp\/v2\/media?parent=101"}],"curies":[{"name":"wp","href":"https:\/\/api.w.org\/{rel}","templated":true}]}}